{"id":6536,"date":"2023-08-22T07:51:18","date_gmt":"2023-08-22T05:51:18","guid":{"rendered":"https:\/\/tam-plenus.ch\/flyer-high-collagen\/"},"modified":"2026-03-11T14:45:51","modified_gmt":"2026-03-11T13:45:51","slug":"flyer-high-collagen","status":"publish","type":"page","link":"https:\/\/tam-plenus.ch\/en\/flyer-high-collagen\/","title":{"rendered":"Flyer High Collagen"},"content":{"rendered":"\t\t<div data-elementor-type=\"wp-page\" data-elementor-id=\"6536\" class=\"elementor elementor-6536 elementor-6533\" data-elementor-post-type=\"page\">\n\t\t\t\t<div class=\"elementor-element elementor-element-9feffaf e-flex e-con-boxed e-con e-parent\" data-id=\"9feffaf\" data-element_type=\"container\" data-e-type=\"container\">\n\t\t\t\t\t<div class=\"e-con-inner\">\n\t\t\t\t<div class=\"elementor-element elementor-element-64366cc elementor-widget elementor-widget-heading\" data-id=\"64366cc\" data-element_type=\"widget\" data-e-type=\"widget\" data-widget_type=\"heading.default\">\n\t\t\t\t<div class=\"elementor-widget-container\">\n\t\t\t\t\t<h3 class=\"elementor-heading-title elementor-size-default\">Flyer <strong>HIGH COLLAGEN<sup>\u00ae<\/sup><\/strong><\/h3>\t\t\t\t<\/div>\n\t\t\t\t<\/div>\n\t\t\t\t\t<\/div>\n\t\t\t\t<\/div>\n\t\t<div class=\"elementor-element elementor-element-e130244 e-flex e-con-boxed e-con e-parent\" data-id=\"e130244\" data-element_type=\"container\" data-e-type=\"container\">\n\t\t\t\t\t<div class=\"e-con-inner\">\n\t\t<div class=\"elementor-element elementor-element-c0f4102 e-con-full e-flex e-con e-child\" data-id=\"c0f4102\" data-element_type=\"container\" data-e-type=\"container\">\n\t\t\t\t<div class=\"elementor-element elementor-element-aff2831 elementor-widget elementor-widget-image\" data-id=\"aff2831\" data-element_type=\"widget\" data-e-type=\"widget\" data-widget_type=\"image.default\">\n\t\t\t\t<div class=\"elementor-widget-container\">\n\t\t\t\t\t\t\t\t\t\t\t\t\t\t\t<img fetchpriority=\"high\" decoding=\"async\" width=\"517\" height=\"728\" src=\"https:\/\/tam-plenus.ch\/wp-content\/uploads\/2026\/02\/Titelseite-HC-Flyer.jpg\" class=\"attachment-large size-large wp-image-27491\" alt=\"\" srcset=\"https:\/\/tam-plenus.ch\/wp-content\/uploads\/2026\/02\/Titelseite-HC-Flyer.jpg 517w, https:\/\/tam-plenus.ch\/wp-content\/uploads\/2026\/02\/Titelseite-HC-Flyer-213x300.jpg 213w\" sizes=\"(max-width: 517px) 100vw, 517px\" \/>\t\t\t\t\t\t\t\t\t\t\t\t\t\t\t<\/div>\n\t\t\t\t<\/div>\n\t\t\t\t<\/div>\n\t\t<div class=\"elementor-element elementor-element-3eb256a e-con-full e-flex e-con e-child\" data-id=\"3eb256a\" data-element_type=\"container\" data-e-type=\"container\">\n\t\t\t\t<div class=\"elementor-element elementor-element-a20f466 elementor-widget elementor-widget-button\" data-id=\"a20f466\" data-element_type=\"widget\" data-e-type=\"widget\" data-widget_type=\"button.default\">\n\t\t\t\t<div class=\"elementor-widget-container\">\n\t\t\t\t\t\t\t\t\t<div class=\"elementor-button-wrapper\">\n\t\t\t\t\t<a class=\"elementor-button elementor-button-link elementor-size-sm\" href=\"\/flyers_download\/EN_HC_Flyer_A6.pdf\" target=\"_blank\">\n\t\t\t\t\t\t<span class=\"elementor-button-content-wrapper\">\n\t\t\t\t\t\t\t\t\t<span class=\"elementor-button-text\">English<\/span>\n\t\t\t\t\t<\/span>\n\t\t\t\t\t<\/a>\n\t\t\t\t<\/div>\n\t\t\t\t\t\t\t\t<\/div>\n\t\t\t\t<\/div>\n\t\t\t\t<div class=\"elementor-element elementor-element-7bf4f3c elementor-widget elementor-widget-button\" data-id=\"7bf4f3c\" data-element_type=\"widget\" data-e-type=\"widget\" data-widget_type=\"button.default\">\n\t\t\t\t<div class=\"elementor-widget-container\">\n\t\t\t\t\t\t\t\t\t<div class=\"elementor-button-wrapper\">\n\t\t\t\t\t<a class=\"elementor-button elementor-button-link elementor-size-sm\" href=\"\/flyers_download\/High%20Collagen%20Flyer%20DE.pdf\" target=\"_blank\">\n\t\t\t\t\t\t<span class=\"elementor-button-content-wrapper\">\n\t\t\t\t\t\t\t\t\t<span class=\"elementor-button-text\">Deutsch<\/span>\n\t\t\t\t\t<\/span>\n\t\t\t\t\t<\/a>\n\t\t\t\t<\/div>\n\t\t\t\t\t\t\t\t<\/div>\n\t\t\t\t<\/div>\n\t\t\t\t<div class=\"elementor-element elementor-element-26aaa3f elementor-widget elementor-widget-button\" data-id=\"26aaa3f\" data-element_type=\"widget\" data-e-type=\"widget\" data-widget_type=\"button.default\">\n\t\t\t\t<div class=\"elementor-widget-container\">\n\t\t\t\t\t\t\t\t\t<div class=\"elementor-button-wrapper\">\n\t\t\t\t\t<a class=\"elementor-button elementor-button-link elementor-size-sm\" href=\"https:\/\/tam-plenus.ch\/flyers_download\/FR_HC_Flyer_A6.pdf\" target=\"_blank\">\n\t\t\t\t\t\t<span class=\"elementor-button-content-wrapper\">\n\t\t\t\t\t\t\t\t\t<span class=\"elementor-button-text\">Fran\u00e7ais<\/span>\n\t\t\t\t\t<\/span>\n\t\t\t\t\t<\/a>\n\t\t\t\t<\/div>\n\t\t\t\t\t\t\t\t<\/div>\n\t\t\t\t<\/div>\n\t\t\t\t<div class=\"elementor-element elementor-element-1914d88 elementor-widget elementor-widget-button\" data-id=\"1914d88\" data-element_type=\"widget\" data-e-type=\"widget\" data-widget_type=\"button.default\">\n\t\t\t\t<div class=\"elementor-widget-container\">\n\t\t\t\t\t\t\t\t\t<div class=\"elementor-button-wrapper\">\n\t\t\t\t\t<a class=\"elementor-button elementor-button-link elementor-size-sm\" href=\"\/flyers_download\/High%20Collagen%20Flyer%20IT.pdf\" target=\"_blank\">\n\t\t\t\t\t\t<span class=\"elementor-button-content-wrapper\">\n\t\t\t\t\t\t\t\t\t<span class=\"elementor-button-text\">Italiano<\/span>\n\t\t\t\t\t<\/span>\n\t\t\t\t\t<\/a>\n\t\t\t\t<\/div>\n\t\t\t\t\t\t\t\t<\/div>\n\t\t\t\t<\/div>\n\t\t\t\t<div class=\"elementor-element elementor-element-5d4b08c elementor-widget elementor-widget-button\" data-id=\"5d4b08c\" data-element_type=\"widget\" data-e-type=\"widget\" data-widget_type=\"button.default\">\n\t\t\t\t<div class=\"elementor-widget-container\">\n\t\t\t\t\t\t\t\t\t<div class=\"elementor-button-wrapper\">\n\t\t\t\t\t<a class=\"elementor-button elementor-button-link elementor-size-sm\" href=\"\/flyers_download\/High%20Collagen%20Flyer%20PT.pdf\" target=\"_blank\">\n\t\t\t\t\t\t<span class=\"elementor-button-content-wrapper\">\n\t\t\t\t\t\t\t\t\t<span class=\"elementor-button-text\">Portugu\u00eas<\/span>\n\t\t\t\t\t<\/span>\n\t\t\t\t\t<\/a>\n\t\t\t\t<\/div>\n\t\t\t\t\t\t\t\t<\/div>\n\t\t\t\t<\/div>\n\t\t\t\t<div class=\"elementor-element elementor-element-1c47b38 elementor-widget elementor-widget-button\" data-id=\"1c47b38\" data-element_type=\"widget\" data-e-type=\"widget\" data-widget_type=\"button.default\">\n\t\t\t\t<div class=\"elementor-widget-container\">\n\t\t\t\t\t\t\t\t\t<div class=\"elementor-button-wrapper\">\n\t\t\t\t\t<a class=\"elementor-button elementor-button-link elementor-size-sm\" href=\"\/flyers_download\/ES%20HC%20Flyer%202024%20A6%20ES.pdf\" target=\"_blank\">\n\t\t\t\t\t\t<span class=\"elementor-button-content-wrapper\">\n\t\t\t\t\t\t\t\t\t<span class=\"elementor-button-text\">Espa\u00f1ol<\/span>\n\t\t\t\t\t<\/span>\n\t\t\t\t\t<\/a>\n\t\t\t\t<\/div>\n\t\t\t\t\t\t\t\t<\/div>\n\t\t\t\t<\/div>\n\t\t\t\t<div class=\"elementor-element elementor-element-ea3147a elementor-widget elementor-widget-button\" data-id=\"ea3147a\" data-element_type=\"widget\" data-e-type=\"widget\" data-widget_type=\"button.default\">\n\t\t\t\t<div class=\"elementor-widget-container\">\n\t\t\t\t\t\t\t\t\t<div class=\"elementor-button-wrapper\">\n\t\t\t\t\t<a class=\"elementor-button elementor-button-link elementor-size-sm\" href=\"\/flyers_download\/High%20Collagen%20Flyer%20RU.pdf\" target=\"_blank\">\n\t\t\t\t\t\t<span class=\"elementor-button-content-wrapper\">\n\t\t\t\t\t\t\t\t\t<span class=\"elementor-button-text\"> \u0420\u0443\u0441\u0441\u043a\u0438\u0439<\/span>\n\t\t\t\t\t<\/span>\n\t\t\t\t\t<\/a>\n\t\t\t\t<\/div>\n\t\t\t\t\t\t\t\t<\/div>\n\t\t\t\t<\/div>\n\t\t\t\t<\/div>\n\t\t\t\t\t<\/div>\n\t\t\t\t<\/div>\n\t\t\t\t<\/div>\n\t\t","protected":false},"excerpt":{"rendered":"<p>Flyer HIGH COLLAGEN\u00ae English Deutsch Fran\u00e7ais Italiano Portugu\u00eas Espa\u00f1ol \u0420\u0443\u0441\u0441\u043a\u0438\u0439<\/p>\n","protected":false},"author":1,"featured_media":0,"parent":0,"menu_order":0,"comment_status":"closed","ping_status":"closed","template":"","meta":{"site-sidebar-layout":"no-sidebar","site-content-layout":"page-builder","ast-site-content-layout":"full-width-container","site-content-style":"unboxed","site-sidebar-style":"unboxed","ast-global-header-display":"","ast-banner-title-visibility":"","ast-main-header-display":"","ast-hfb-above-header-display":"","ast-hfb-below-header-display":"","ast-hfb-mobile-header-display":"","site-post-title":"disabled","ast-breadcrumbs-content":"","ast-featured-img":"disabled","footer-sml-layout":"","ast-disable-related-posts":"","theme-transparent-header-meta":"","adv-header-id-meta":"","stick-header-meta":"","header-above-stick-meta":"","header-main-stick-meta":"","header-below-stick-meta":"","astra-migrate-meta-layouts":"default","ast-page-background-enabled":"default","ast-page-background-meta":{"desktop":{"background-color":"var(--ast-global-color-4)","background-image":"","background-repeat":"repeat","background-position":"center center","background-size":"auto","background-attachment":"scroll","background-type":"","background-media":"","overlay-type":"","overlay-color":"","overlay-opacity":"","overlay-gradient":""},"tablet":{"background-color":"","background-image":"","background-repeat":"repeat","background-position":"center center","background-size":"auto","background-attachment":"scroll","background-type":"","background-media":"","overlay-type":"","overlay-color":"","overlay-opacity":"","overlay-gradient":""},"mobile":{"background-color":"","background-image":"","background-repeat":"repeat","background-position":"center center","background-size":"auto","background-attachment":"scroll","background-type":"","background-media":"","overlay-type":"","overlay-color":"","overlay-opacity":"","overlay-gradient":""}},"ast-content-background-meta":{"desktop":{"background-color":"var(--ast-global-color-5)","background-image":"","background-repeat":"repeat","background-position":"center center","background-size":"auto","background-attachment":"scroll","background-type":"","background-media":"","overlay-type":"","overlay-color":"","overlay-opacity":"","overlay-gradient":""},"tablet":{"background-color":"var(--ast-global-color-5)","background-image":"","background-repeat":"repeat","background-position":"center center","background-size":"auto","background-attachment":"scroll","background-type":"","background-media":"","overlay-type":"","overlay-color":"","overlay-opacity":"","overlay-gradient":""},"mobile":{"background-color":"var(--ast-global-color-5)","background-image":"","background-repeat":"repeat","background-position":"center center","background-size":"auto","background-attachment":"scroll","background-type":"","background-media":"","overlay-type":"","overlay-color":"","overlay-opacity":"","overlay-gradient":""}},"footnotes":""},"class_list":["post-6536","page","type-page","status-publish","hentry"],"yoast_head":"<!-- This site is optimized with the Yoast SEO plugin v27.4 - https:\/\/yoast.com\/product\/yoast-seo-wordpress\/ -->\n<title>Flyer High Collagen<\/title>\n<meta name=\"description\" content=\"Flyer High Collages in multiple languages \u200b\u200bto choose from\" \/>\n<meta name=\"robots\" content=\"index, follow, max-snippet:-1, max-image-preview:large, max-video-preview:-1\" \/>\n<link rel=\"canonical\" href=\"https:\/\/tam-plenus.ch\/en\/flyer-high-collagen\/\" \/>\n<meta property=\"og:locale\" content=\"en_US\" \/>\n<meta property=\"og:type\" content=\"article\" \/>\n<meta property=\"og:title\" content=\"Flyer High Collagen\" \/>\n<meta property=\"og:description\" content=\"Flyer High Collages in multiple languages \u200b\u200bto choose from\" \/>\n<meta property=\"og:url\" content=\"https:\/\/tam-plenus.ch\/en\/flyer-high-collagen\/\" \/>\n<meta property=\"og:site_name\" content=\"Tam-Plenus\" \/>\n<meta property=\"article:modified_time\" content=\"2026-03-11T13:45:51+00:00\" \/>\n<meta property=\"og:image\" content=\"https:\/\/tam-plenus.ch\/wp-content\/uploads\/2026\/02\/Titelseite-HC-Flyer.jpg\" \/>\n\t<meta property=\"og:image:width\" content=\"517\" \/>\n\t<meta property=\"og:image:height\" content=\"728\" \/>\n\t<meta property=\"og:image:type\" content=\"image\/jpeg\" \/>\n<meta name=\"twitter:card\" content=\"summary_large_image\" \/>\n<script type=\"application\/ld+json\" class=\"yoast-schema-graph\">{\"@context\":\"https:\\\/\\\/schema.org\",\"@graph\":[{\"@type\":\"WebPage\",\"@id\":\"https:\\\/\\\/tam-plenus.ch\\\/en\\\/flyer-high-collagen\\\/\",\"url\":\"https:\\\/\\\/tam-plenus.ch\\\/en\\\/flyer-high-collagen\\\/\",\"name\":\"Flyer High Collagen\",\"isPartOf\":{\"@id\":\"https:\\\/\\\/tam-plenus.ch\\\/en\\\/#website\"},\"primaryImageOfPage\":{\"@id\":\"https:\\\/\\\/tam-plenus.ch\\\/en\\\/flyer-high-collagen\\\/#primaryimage\"},\"image\":{\"@id\":\"https:\\\/\\\/tam-plenus.ch\\\/en\\\/flyer-high-collagen\\\/#primaryimage\"},\"thumbnailUrl\":\"https:\\\/\\\/tam-plenus.ch\\\/wp-content\\\/uploads\\\/2026\\\/02\\\/Titelseite-HC-Flyer.jpg\",\"datePublished\":\"2023-08-22T05:51:18+00:00\",\"dateModified\":\"2026-03-11T13:45:51+00:00\",\"description\":\"Flyer High Collages in multiple languages \u200b\u200bto choose from\",\"breadcrumb\":{\"@id\":\"https:\\\/\\\/tam-plenus.ch\\\/en\\\/flyer-high-collagen\\\/#breadcrumb\"},\"inLanguage\":\"en-US\",\"potentialAction\":[{\"@type\":\"ReadAction\",\"target\":[\"https:\\\/\\\/tam-plenus.ch\\\/en\\\/flyer-high-collagen\\\/\"]}]},{\"@type\":\"ImageObject\",\"inLanguage\":\"en-US\",\"@id\":\"https:\\\/\\\/tam-plenus.ch\\\/en\\\/flyer-high-collagen\\\/#primaryimage\",\"url\":\"https:\\\/\\\/tam-plenus.ch\\\/wp-content\\\/uploads\\\/2026\\\/02\\\/Titelseite-HC-Flyer.jpg\",\"contentUrl\":\"https:\\\/\\\/tam-plenus.ch\\\/wp-content\\\/uploads\\\/2026\\\/02\\\/Titelseite-HC-Flyer.jpg\"},{\"@type\":\"BreadcrumbList\",\"@id\":\"https:\\\/\\\/tam-plenus.ch\\\/en\\\/flyer-high-collagen\\\/#breadcrumb\",\"itemListElement\":[{\"@type\":\"ListItem\",\"position\":1,\"name\":\"Startseite\",\"item\":\"https:\\\/\\\/tam-plenus.ch\\\/en\\\/\"},{\"@type\":\"ListItem\",\"position\":2,\"name\":\"Flyer High Collagen\"}]},{\"@type\":\"WebSite\",\"@id\":\"https:\\\/\\\/tam-plenus.ch\\\/en\\\/#website\",\"url\":\"https:\\\/\\\/tam-plenus.ch\\\/en\\\/\",\"name\":\"Tam-Plenus\",\"description\":\"Swiss Agency for Health\u200b\",\"publisher\":{\"@id\":\"https:\\\/\\\/tam-plenus.ch\\\/en\\\/#organization\"},\"potentialAction\":[{\"@type\":\"SearchAction\",\"target\":{\"@type\":\"EntryPoint\",\"urlTemplate\":\"https:\\\/\\\/tam-plenus.ch\\\/en\\\/?s={search_term_string}\"},\"query-input\":{\"@type\":\"PropertyValueSpecification\",\"valueRequired\":true,\"valueName\":\"search_term_string\"}}],\"inLanguage\":\"en-US\"},{\"@type\":\"Organization\",\"@id\":\"https:\\\/\\\/tam-plenus.ch\\\/en\\\/#organization\",\"name\":\"Tam-Plenus\",\"url\":\"https:\\\/\\\/tam-plenus.ch\\\/en\\\/\",\"logo\":{\"@type\":\"ImageObject\",\"inLanguage\":\"en-US\",\"@id\":\"https:\\\/\\\/tam-plenus.ch\\\/en\\\/#\\\/schema\\\/logo\\\/image\\\/\",\"url\":\"https:\\\/\\\/tam-plenus.ch\\\/wp-content\\\/uploads\\\/2024\\\/05\\\/logo_tamplenus.png\",\"contentUrl\":\"https:\\\/\\\/tam-plenus.ch\\\/wp-content\\\/uploads\\\/2024\\\/05\\\/logo_tamplenus.png\",\"width\":463,\"height\":173,\"caption\":\"Tam-Plenus\"},\"image\":{\"@id\":\"https:\\\/\\\/tam-plenus.ch\\\/en\\\/#\\\/schema\\\/logo\\\/image\\\/\"}}]}<\/script>\n<!-- \/ Yoast SEO plugin. -->","yoast_head_json":{"title":"Flyer High Collagen","description":"Flyer High Collages in multiple languages \u200b\u200bto choose from","robots":{"index":"index","follow":"follow","max-snippet":"max-snippet:-1","max-image-preview":"max-image-preview:large","max-video-preview":"max-video-preview:-1"},"canonical":"https:\/\/tam-plenus.ch\/en\/flyer-high-collagen\/","og_locale":"en_US","og_type":"article","og_title":"Flyer High Collagen","og_description":"Flyer High Collages in multiple languages \u200b\u200bto choose from","og_url":"https:\/\/tam-plenus.ch\/en\/flyer-high-collagen\/","og_site_name":"Tam-Plenus","article_modified_time":"2026-03-11T13:45:51+00:00","og_image":[{"width":517,"height":728,"url":"https:\/\/tam-plenus.ch\/wp-content\/uploads\/2026\/02\/Titelseite-HC-Flyer.jpg","type":"image\/jpeg"}],"twitter_card":"summary_large_image","schema":{"@context":"https:\/\/schema.org","@graph":[{"@type":"WebPage","@id":"https:\/\/tam-plenus.ch\/en\/flyer-high-collagen\/","url":"https:\/\/tam-plenus.ch\/en\/flyer-high-collagen\/","name":"Flyer High Collagen","isPartOf":{"@id":"https:\/\/tam-plenus.ch\/en\/#website"},"primaryImageOfPage":{"@id":"https:\/\/tam-plenus.ch\/en\/flyer-high-collagen\/#primaryimage"},"image":{"@id":"https:\/\/tam-plenus.ch\/en\/flyer-high-collagen\/#primaryimage"},"thumbnailUrl":"https:\/\/tam-plenus.ch\/wp-content\/uploads\/2026\/02\/Titelseite-HC-Flyer.jpg","datePublished":"2023-08-22T05:51:18+00:00","dateModified":"2026-03-11T13:45:51+00:00","description":"Flyer High Collages in multiple languages \u200b\u200bto choose from","breadcrumb":{"@id":"https:\/\/tam-plenus.ch\/en\/flyer-high-collagen\/#breadcrumb"},"inLanguage":"en-US","potentialAction":[{"@type":"ReadAction","target":["https:\/\/tam-plenus.ch\/en\/flyer-high-collagen\/"]}]},{"@type":"ImageObject","inLanguage":"en-US","@id":"https:\/\/tam-plenus.ch\/en\/flyer-high-collagen\/#primaryimage","url":"https:\/\/tam-plenus.ch\/wp-content\/uploads\/2026\/02\/Titelseite-HC-Flyer.jpg","contentUrl":"https:\/\/tam-plenus.ch\/wp-content\/uploads\/2026\/02\/Titelseite-HC-Flyer.jpg"},{"@type":"BreadcrumbList","@id":"https:\/\/tam-plenus.ch\/en\/flyer-high-collagen\/#breadcrumb","itemListElement":[{"@type":"ListItem","position":1,"name":"Startseite","item":"https:\/\/tam-plenus.ch\/en\/"},{"@type":"ListItem","position":2,"name":"Flyer High Collagen"}]},{"@type":"WebSite","@id":"https:\/\/tam-plenus.ch\/en\/#website","url":"https:\/\/tam-plenus.ch\/en\/","name":"Tam-Plenus","description":"Swiss Agency for Health\u200b","publisher":{"@id":"https:\/\/tam-plenus.ch\/en\/#organization"},"potentialAction":[{"@type":"SearchAction","target":{"@type":"EntryPoint","urlTemplate":"https:\/\/tam-plenus.ch\/en\/?s={search_term_string}"},"query-input":{"@type":"PropertyValueSpecification","valueRequired":true,"valueName":"search_term_string"}}],"inLanguage":"en-US"},{"@type":"Organization","@id":"https:\/\/tam-plenus.ch\/en\/#organization","name":"Tam-Plenus","url":"https:\/\/tam-plenus.ch\/en\/","logo":{"@type":"ImageObject","inLanguage":"en-US","@id":"https:\/\/tam-plenus.ch\/en\/#\/schema\/logo\/image\/","url":"https:\/\/tam-plenus.ch\/wp-content\/uploads\/2024\/05\/logo_tamplenus.png","contentUrl":"https:\/\/tam-plenus.ch\/wp-content\/uploads\/2024\/05\/logo_tamplenus.png","width":463,"height":173,"caption":"Tam-Plenus"},"image":{"@id":"https:\/\/tam-plenus.ch\/en\/#\/schema\/logo\/image\/"}}]}},"jetpack_sharing_enabled":true,"_links":{"self":[{"href":"https:\/\/tam-plenus.ch\/en\/wp-json\/wp\/v2\/pages\/6536","targetHints":{"allow":["GET"]}}],"collection":[{"href":"https:\/\/tam-plenus.ch\/en\/wp-json\/wp\/v2\/pages"}],"about":[{"href":"https:\/\/tam-plenus.ch\/en\/wp-json\/wp\/v2\/types\/page"}],"author":[{"embeddable":true,"href":"https:\/\/tam-plenus.ch\/en\/wp-json\/wp\/v2\/users\/1"}],"replies":[{"embeddable":true,"href":"https:\/\/tam-plenus.ch\/en\/wp-json\/wp\/v2\/comments?post=6536"}],"version-history":[{"count":7,"href":"https:\/\/tam-plenus.ch\/en\/wp-json\/wp\/v2\/pages\/6536\/revisions"}],"predecessor-version":[{"id":28878,"href":"https:\/\/tam-plenus.ch\/en\/wp-json\/wp\/v2\/pages\/6536\/revisions\/28878"}],"wp:attachment":[{"href":"https:\/\/tam-plenus.ch\/en\/wp-json\/wp\/v2\/media?parent=6536"}],"curies":[{"name":"wp","href":"https:\/\/api.w.org\/{rel}","templated":true}]}}