{"id":29656,"date":"2026-03-30T07:33:51","date_gmt":"2026-03-30T05:33:51","guid":{"rendered":"https:\/\/tam-plenus.ch\/blog-pqq-zellbooster\/"},"modified":"2026-03-31T12:21:37","modified_gmt":"2026-03-31T10:21:37","slug":"blog-pqq","status":"publish","type":"page","link":"https:\/\/tam-plenus.ch\/en\/blog-pqq\/","title":{"rendered":"Blog &#8211; PQQ &#8211; The underestimated cell booster for energy, vitality and longevity"},"content":{"rendered":"\t\t<div data-elementor-type=\"wp-page\" data-elementor-id=\"29656\" class=\"elementor elementor-29656\" data-elementor-post-type=\"page\">\n\t\t\t\t<div class=\"elementor-element elementor-element-0d627e9 e-flex e-con-boxed e-con e-parent\" data-id=\"0d627e9\" data-element_type=\"container\" data-e-type=\"container\">\n\t\t\t\t\t<div class=\"e-con-inner\">\n\t\t<div class=\"elementor-element elementor-element-1578bd2 e-con-full e-flex e-con e-child\" data-id=\"1578bd2\" data-element_type=\"container\" data-e-type=\"container\">\n\t\t\t\t<div class=\"elementor-element elementor-element-74d06f6 elementor-widget elementor-widget-post-info\" data-id=\"74d06f6\" data-element_type=\"widget\" data-e-type=\"widget\" data-widget_type=\"post-info.default\">\n\t\t\t\t<div class=\"elementor-widget-container\">\n\t\t\t\t\t\t\t<ul class=\"elementor-inline-items elementor-icon-list-items elementor-post-info\">\n\t\t\t\t\t\t\t\t<li class=\"elementor-icon-list-item elementor-repeater-item-c3fe21e elementor-inline-item\" itemprop=\"datePublished\">\n\t\t\t\t\t\t<a href=\"https:\/\/tam-plenus.ch\/en\/2026\/03\/30\/\">\n\t\t\t\t\t\t\t\t\t\t\t<span class=\"elementor-icon-list-icon\">\n\t\t\t\t\t\t\t\t<i aria-hidden=\"true\" class=\"fas fa-calendar\"><\/i>\t\t\t\t\t\t\t<\/span>\n\t\t\t\t\t\t\t\t\t<span class=\"elementor-icon-list-text elementor-post-info__item elementor-post-info__item--type-date\">\n\t\t\t\t\t\t\t\t\t\t<time>March 30, 2026<\/time>\t\t\t\t\t<\/span>\n\t\t\t\t\t\t\t\t\t<\/a>\n\t\t\t\t<\/li>\n\t\t\t\t<\/ul>\n\t\t\t\t\t\t<\/div>\n\t\t\t\t<\/div>\n\t\t\t\t<div class=\"elementor-element elementor-element-f14da72 elementor-widget elementor-widget-spacer\" data-id=\"f14da72\" data-element_type=\"widget\" data-e-type=\"widget\" data-widget_type=\"spacer.default\">\n\t\t\t\t<div class=\"elementor-widget-container\">\n\t\t\t\t\t\t\t<div class=\"elementor-spacer\">\n\t\t\t<div class=\"elementor-spacer-inner\"><\/div>\n\t\t<\/div>\n\t\t\t\t\t\t<\/div>\n\t\t\t\t<\/div>\n\t\t\t\t<div class=\"elementor-element elementor-element-31722c0 elementor-widget elementor-widget-heading\" data-id=\"31722c0\" data-element_type=\"widget\" data-e-type=\"widget\" data-widget_type=\"heading.default\">\n\t\t\t\t<div class=\"elementor-widget-container\">\n\t\t\t\t\t<h3 class=\"elementor-heading-title elementor-size-default\">PQQ<\/h3>\t\t\t\t<\/div>\n\t\t\t\t<\/div>\n\t\t\t\t<div class=\"elementor-element elementor-element-18030c4 elementor-widget elementor-widget-text-editor\" data-id=\"18030c4\" data-element_type=\"widget\" data-e-type=\"widget\" data-widget_type=\"text-editor.default\">\n\t\t\t\t<div class=\"elementor-widget-container\">\n\t\t\t\t\t\t\t\t\t<p><strong>Der untersch\u00e4tzte Zellbooster f\u00fcr Energie, Vitalit\u00e4t und Longevity<\/strong><\/p>\t\t\t\t\t\t\t\t<\/div>\n\t\t\t\t<\/div>\n\t\t\t\t<div class=\"elementor-element elementor-element-a46ef58 elementor-widget elementor-widget-text-editor\" data-id=\"a46ef58\" data-element_type=\"widget\" data-e-type=\"widget\" data-widget_type=\"text-editor.default\">\n\t\t\t\t<div class=\"elementor-widget-container\">\n\t\t\t\t\t\t\t\t\t<p>In the world of dietary supplements, new active ingredients are constantly appearing that promise more energy, better concentration and healthy ageing. One of the most exciting candidates is PQQ &#8211; pyrroloquinoline quinone. Even if the name sounds complicated, behind it lies a small substance with great potential for body and mind.  <\/p>\t\t\t\t\t\t\t\t<\/div>\n\t\t\t\t<\/div>\n\t\t\t\t<\/div>\n\t\t<div class=\"elementor-element elementor-element-cc7989d e-con-full e-flex e-con e-child\" data-id=\"cc7989d\" data-element_type=\"container\" data-e-type=\"container\">\n\t\t\t\t<div class=\"elementor-element elementor-element-5fef964 elementor-widget elementor-widget-image\" data-id=\"5fef964\" data-element_type=\"widget\" data-e-type=\"widget\" data-widget_type=\"image.default\">\n\t\t\t\t<div class=\"elementor-widget-container\">\n\t\t\t\t\t\t\t\t\t\t\t\t\t\t\t<img fetchpriority=\"high\" decoding=\"async\" width=\"624\" height=\"532\" src=\"https:\/\/tam-plenus.ch\/wp-content\/uploads\/2026\/03\/PPQ.png\" class=\"attachment-large size-large wp-image-29655\" alt=\"PPQ\" srcset=\"https:\/\/tam-plenus.ch\/wp-content\/uploads\/2026\/03\/PPQ.png 624w, https:\/\/tam-plenus.ch\/wp-content\/uploads\/2026\/03\/PPQ-300x256.png 300w, https:\/\/tam-plenus.ch\/wp-content\/uploads\/2026\/03\/PPQ-600x512.png 600w\" sizes=\"(max-width: 624px) 100vw, 624px\" \/>\t\t\t\t\t\t\t\t\t\t\t\t\t\t\t<\/div>\n\t\t\t\t<\/div>\n\t\t\t\t<\/div>\n\t\t\t\t\t<\/div>\n\t\t\t\t<\/div>\n\t\t<div class=\"elementor-element elementor-element-4dde4f7 e-flex e-con-boxed e-con e-parent\" data-id=\"4dde4f7\" data-element_type=\"container\" data-e-type=\"container\">\n\t\t\t\t\t<div class=\"e-con-inner\">\n\t\t\t\t<div class=\"elementor-element elementor-element-55c3081 elementor-widget elementor-widget-text-editor\" data-id=\"55c3081\" data-element_type=\"widget\" data-e-type=\"widget\" data-widget_type=\"text-editor.default\">\n\t\t\t\t<div class=\"elementor-widget-container\">\n\t\t\t\t\t\t\t\t\t<p><b>What is PQQ?<br><\/b>PQQ is a vitamin-like micronutrient that is found in small quantities in foods such as kiwi, papaya, spinach and green tea. In nature, however, the quantities are very small, which is why PQQ is usually produced synthetically or biotechnologically in supplements. <\/p><p>The main task of PQQ in the body is to support the mitochondria, the &#8220;power plants&#8221; of our cells. There it ensures that energy is produced efficiently and cells are protected. <\/p>\t\t\t\t\t\t\t\t<\/div>\n\t\t\t\t<\/div>\n\t\t\t\t<div class=\"elementor-element elementor-element-4f5d717 elementor-widget elementor-widget-text-editor\" data-id=\"4f5d717\" data-element_type=\"widget\" data-e-type=\"widget\" data-widget_type=\"text-editor.default\">\n\t\t\t\t<div class=\"elementor-widget-container\">\n\t\t\t\t\t\t\t\t\t<p><b>The benefits of PQQ<br><\/b>1. More energy at cellular level<br>PQQ promotes the formation of new mitochondria, making your cells more efficient. Unlike caffeine, it does not produce stimulation, but natural, sustainable energy. <\/p><p>2. protection from cell damage<br>As a powerful antioxidant, PQQ protects cells from free radicals and oxidative stress. This supports healthy ageing and regeneration. <\/p><p>3. brain and nerve performance<br>Studies show that PQQ can support cognitive function, concentration and nerve regeneration. This is an exciting effect for anyone who wants to stay mentally fit. <\/p><p>4. support for sport and vitality<br>Due to the increased energy production at cell level, PQQ can also promote physical performance and support regeneration after training.<\/p>\t\t\t\t\t\t\t\t<\/div>\n\t\t\t\t<\/div>\n\t\t\t\t<div class=\"elementor-element elementor-element-527d445 elementor-widget elementor-widget-text-editor\" data-id=\"527d445\" data-element_type=\"widget\" data-e-type=\"widget\" data-widget_type=\"text-editor.default\">\n\t\t\t\t<div class=\"elementor-widget-container\">\n\t\t\t\t\t\t\t\t\t<p><strong>PQQ in practice<\/strong><br>As PQQ is only found in very small quantities in food, many people resort to supplements. Typical dosages are 10-20 mg per day, often in combination with coenzyme Q10, in order to optimally support the energy production of the cells. <\/p><p>People who take PQQ regularly often report more vitality, better concentration and a general feeling of well-being, which has a positive effect on everyday life, sport and mental performance.<\/p>\t\t\t\t\t\t\t\t<\/div>\n\t\t\t\t<\/div>\n\t\t\t\t<div class=\"elementor-element elementor-element-823ea53 elementor-widget elementor-widget-text-editor\" data-id=\"823ea53\" data-element_type=\"widget\" data-e-type=\"widget\" data-widget_type=\"text-editor.default\">\n\t\t\t\t<div class=\"elementor-widget-container\">\n\t\t\t\t\t\t\t\t\t<p><strong>PQQ is a fascinating nutrient that is still relatively unknown, but has enormous potential. It supports the energy production of cells, protects them from damage and can therefore promote vitality, concentration and healthy ageing. If you want to strengthen your cells from the inside, PQQ should be on your radar &#8211; a real cell booster for body and mind.  <\/strong><\/p>\t\t\t\t\t\t\t\t<\/div>\n\t\t\t\t<\/div>\n\t\t\t\t<div class=\"elementor-element elementor-element-b4a9248 elementor-widget elementor-widget-spacer\" data-id=\"b4a9248\" data-element_type=\"widget\" data-e-type=\"widget\" data-widget_type=\"spacer.default\">\n\t\t\t\t<div class=\"elementor-widget-container\">\n\t\t\t\t\t\t\t<div class=\"elementor-spacer\">\n\t\t\t<div class=\"elementor-spacer-inner\"><\/div>\n\t\t<\/div>\n\t\t\t\t\t\t<\/div>\n\t\t\t\t<\/div>\n\t\t\t\t\t<\/div>\n\t\t\t\t<\/div>\n\t\t<div class=\"elementor-element elementor-element-7170205 e-flex e-con-boxed e-con e-parent\" data-id=\"7170205\" data-element_type=\"container\" data-e-type=\"container\" data-settings=\"{&quot;background_background&quot;:&quot;classic&quot;}\">\n\t\t\t\t\t<div class=\"e-con-inner\">\n\t\t\t\t<div class=\"elementor-element elementor-element-57ed148 elementor-widget elementor-widget-text-editor\" data-id=\"57ed148\" data-element_type=\"widget\" data-e-type=\"widget\" data-widget_type=\"text-editor.default\">\n\t\t\t\t<div class=\"elementor-widget-container\">\n\t\t\t\t\t\t\t\t\t<h4>More articles \u00bb<\/h4>\t\t\t\t\t\t\t\t<\/div>\n\t\t\t\t<\/div>\n\t\t\t\t<div class=\"elementor-element elementor-element-d3e5300 elementor-align-right elementor-widget elementor-widget-button\" data-id=\"d3e5300\" data-element_type=\"widget\" data-e-type=\"widget\" data-widget_type=\"button.default\">\n\t\t\t\t<div class=\"elementor-widget-container\">\n\t\t\t\t\t\t\t\t\t<div class=\"elementor-button-wrapper\">\n\t\t\t\t\t<a class=\"elementor-button elementor-button-link elementor-size-sm\" href=\"https:\/\/tam-plenus.ch\/en\/blog-archiv\/\">\n\t\t\t\t\t\t<span class=\"elementor-button-content-wrapper\">\n\t\t\t\t\t\t\t\t\t<span class=\"elementor-button-text\">Blog overview<\/span>\n\t\t\t\t\t<\/span>\n\t\t\t\t\t<\/a>\n\t\t\t\t<\/div>\n\t\t\t\t\t\t\t\t<\/div>\n\t\t\t\t<\/div>\n\t\t\t\t\t<\/div>\n\t\t\t\t<\/div>\n\t\t\t\t<\/div>\n\t\t","protected":false},"excerpt":{"rendered":"<p>PQQ Der untersch\u00e4tzte Zellbooster f\u00fcr Energie, Vitalit\u00e4t und Longevity In the world of dietary supplements, new active ingredients are constantly appearing that promise more energy, better concentration and healthy ageing. One of the most exciting candidates is PQQ &#8211; pyrroloquinoline quinone. Even if the name sounds complicated, behind it lies a small substance with great [&hellip;]<\/p>\n","protected":false},"author":1,"featured_media":0,"parent":0,"menu_order":0,"comment_status":"closed","ping_status":"closed","template":"","meta":{"site-sidebar-layout":"no-sidebar","site-content-layout":"page-builder","ast-site-content-layout":"full-width-container","site-content-style":"default","site-sidebar-style":"default","ast-global-header-display":"","ast-banner-title-visibility":"","ast-main-header-display":"","ast-hfb-above-header-display":"","ast-hfb-below-header-display":"","ast-hfb-mobile-header-display":"","site-post-title":"disabled","ast-breadcrumbs-content":"","ast-featured-img":"disabled","footer-sml-layout":"","ast-disable-related-posts":"","theme-transparent-header-meta":"","adv-header-id-meta":"","stick-header-meta":"","header-above-stick-meta":"","header-main-stick-meta":"","header-below-stick-meta":"","astra-migrate-meta-layouts":"default","ast-page-background-enabled":"default","ast-page-background-meta":{"desktop":{"background-color":"var(--ast-global-color-4)","background-image":"","background-repeat":"repeat","background-position":"center center","background-size":"auto","background-attachment":"scroll","background-type":"","background-media":"","overlay-type":"","overlay-color":"","overlay-opacity":"","overlay-gradient":""},"tablet":{"background-color":"","background-image":"","background-repeat":"repeat","background-position":"center center","background-size":"auto","background-attachment":"scroll","background-type":"","background-media":"","overlay-type":"","overlay-color":"","overlay-opacity":"","overlay-gradient":""},"mobile":{"background-color":"","background-image":"","background-repeat":"repeat","background-position":"center center","background-size":"auto","background-attachment":"scroll","background-type":"","background-media":"","overlay-type":"","overlay-color":"","overlay-opacity":"","overlay-gradient":""}},"ast-content-background-meta":{"desktop":{"background-color":"var(--ast-global-color-5)","background-image":"","background-repeat":"repeat","background-position":"center center","background-size":"auto","background-attachment":"scroll","background-type":"","background-media":"","overlay-type":"","overlay-color":"","overlay-opacity":"","overlay-gradient":""},"tablet":{"background-color":"var(--ast-global-color-5)","background-image":"","background-repeat":"repeat","background-position":"center center","background-size":"auto","background-attachment":"scroll","background-type":"","background-media":"","overlay-type":"","overlay-color":"","overlay-opacity":"","overlay-gradient":""},"mobile":{"background-color":"var(--ast-global-color-5)","background-image":"","background-repeat":"repeat","background-position":"center center","background-size":"auto","background-attachment":"scroll","background-type":"","background-media":"","overlay-type":"","overlay-color":"","overlay-opacity":"","overlay-gradient":""}},"footnotes":""},"class_list":["post-29656","page","type-page","status-publish","hentry"],"yoast_head":"<!-- This site is optimized with the Yoast SEO plugin v27.4 - https:\/\/yoast.com\/product\/yoast-seo-wordpress\/ -->\n<title>Blog - PQQ - The underestimated cell booster for energy, vitality and longevity<\/title>\n<meta name=\"description\" content=\"PQQ - The underestimated cell booster for energy, vitality and longevity\" \/>\n<meta name=\"robots\" content=\"index, follow, max-snippet:-1, max-image-preview:large, max-video-preview:-1\" \/>\n<link rel=\"canonical\" href=\"https:\/\/tam-plenus.ch\/en\/blog-pqq\/\" \/>\n<meta property=\"og:locale\" content=\"en_US\" \/>\n<meta property=\"og:type\" content=\"article\" \/>\n<meta property=\"og:title\" content=\"Blog - PQQ - The underestimated cell booster for energy, vitality and longevity\" \/>\n<meta property=\"og:description\" content=\"PQQ - The underestimated cell booster for energy, vitality and longevity\" \/>\n<meta property=\"og:url\" content=\"https:\/\/tam-plenus.ch\/en\/blog-pqq\/\" \/>\n<meta property=\"og:site_name\" content=\"Tam-Plenus\" \/>\n<meta property=\"article:modified_time\" content=\"2026-03-31T10:21:37+00:00\" \/>\n<meta property=\"og:image\" content=\"https:\/\/tam-plenus.ch\/wp-content\/uploads\/2026\/03\/PPQ.png\" \/>\n\t<meta property=\"og:image:width\" content=\"624\" \/>\n\t<meta property=\"og:image:height\" content=\"532\" \/>\n\t<meta property=\"og:image:type\" content=\"image\/png\" \/>\n<meta name=\"twitter:card\" content=\"summary_large_image\" \/>\n<meta name=\"twitter:label1\" content=\"Est. reading time\" \/>\n\t<meta name=\"twitter:data1\" content=\"2 minutes\" \/>\n<script type=\"application\/ld+json\" class=\"yoast-schema-graph\">{\"@context\":\"https:\\\/\\\/schema.org\",\"@graph\":[{\"@type\":\"WebPage\",\"@id\":\"https:\\\/\\\/tam-plenus.ch\\\/en\\\/blog-pqq\\\/\",\"url\":\"https:\\\/\\\/tam-plenus.ch\\\/en\\\/blog-pqq\\\/\",\"name\":\"Blog - PQQ - The underestimated cell booster for energy, vitality and longevity\",\"isPartOf\":{\"@id\":\"https:\\\/\\\/tam-plenus.ch\\\/en\\\/#website\"},\"primaryImageOfPage\":{\"@id\":\"https:\\\/\\\/tam-plenus.ch\\\/en\\\/blog-pqq\\\/#primaryimage\"},\"image\":{\"@id\":\"https:\\\/\\\/tam-plenus.ch\\\/en\\\/blog-pqq\\\/#primaryimage\"},\"thumbnailUrl\":\"https:\\\/\\\/tam-plenus.ch\\\/wp-content\\\/uploads\\\/2026\\\/03\\\/PPQ.png\",\"datePublished\":\"2026-03-30T05:33:51+00:00\",\"dateModified\":\"2026-03-31T10:21:37+00:00\",\"description\":\"PQQ - The underestimated cell booster for energy, vitality and longevity\",\"breadcrumb\":{\"@id\":\"https:\\\/\\\/tam-plenus.ch\\\/en\\\/blog-pqq\\\/#breadcrumb\"},\"inLanguage\":\"en-US\",\"potentialAction\":[{\"@type\":\"ReadAction\",\"target\":[\"https:\\\/\\\/tam-plenus.ch\\\/en\\\/blog-pqq\\\/\"]}]},{\"@type\":\"ImageObject\",\"inLanguage\":\"en-US\",\"@id\":\"https:\\\/\\\/tam-plenus.ch\\\/en\\\/blog-pqq\\\/#primaryimage\",\"url\":\"https:\\\/\\\/tam-plenus.ch\\\/wp-content\\\/uploads\\\/2026\\\/03\\\/PPQ.png\",\"contentUrl\":\"https:\\\/\\\/tam-plenus.ch\\\/wp-content\\\/uploads\\\/2026\\\/03\\\/PPQ.png\"},{\"@type\":\"BreadcrumbList\",\"@id\":\"https:\\\/\\\/tam-plenus.ch\\\/en\\\/blog-pqq\\\/#breadcrumb\",\"itemListElement\":[{\"@type\":\"ListItem\",\"position\":1,\"name\":\"Startseite\",\"item\":\"https:\\\/\\\/tam-plenus.ch\\\/en\\\/\"},{\"@type\":\"ListItem\",\"position\":2,\"name\":\"Blog &#8211; PQQ &#8211; The underestimated cell booster for energy, vitality and longevity\"}]},{\"@type\":\"WebSite\",\"@id\":\"https:\\\/\\\/tam-plenus.ch\\\/en\\\/#website\",\"url\":\"https:\\\/\\\/tam-plenus.ch\\\/en\\\/\",\"name\":\"Tam-Plenus\",\"description\":\"Swiss Agency for Health\u200b\",\"publisher\":{\"@id\":\"https:\\\/\\\/tam-plenus.ch\\\/en\\\/#organization\"},\"potentialAction\":[{\"@type\":\"SearchAction\",\"target\":{\"@type\":\"EntryPoint\",\"urlTemplate\":\"https:\\\/\\\/tam-plenus.ch\\\/en\\\/?s={search_term_string}\"},\"query-input\":{\"@type\":\"PropertyValueSpecification\",\"valueRequired\":true,\"valueName\":\"search_term_string\"}}],\"inLanguage\":\"en-US\"},{\"@type\":\"Organization\",\"@id\":\"https:\\\/\\\/tam-plenus.ch\\\/en\\\/#organization\",\"name\":\"Tam-Plenus\",\"url\":\"https:\\\/\\\/tam-plenus.ch\\\/en\\\/\",\"logo\":{\"@type\":\"ImageObject\",\"inLanguage\":\"en-US\",\"@id\":\"https:\\\/\\\/tam-plenus.ch\\\/en\\\/#\\\/schema\\\/logo\\\/image\\\/\",\"url\":\"https:\\\/\\\/tam-plenus.ch\\\/wp-content\\\/uploads\\\/2024\\\/05\\\/logo_tamplenus.png\",\"contentUrl\":\"https:\\\/\\\/tam-plenus.ch\\\/wp-content\\\/uploads\\\/2024\\\/05\\\/logo_tamplenus.png\",\"width\":463,\"height\":173,\"caption\":\"Tam-Plenus\"},\"image\":{\"@id\":\"https:\\\/\\\/tam-plenus.ch\\\/en\\\/#\\\/schema\\\/logo\\\/image\\\/\"}}]}<\/script>\n<!-- \/ Yoast SEO plugin. -->","yoast_head_json":{"title":"Blog - PQQ - The underestimated cell booster for energy, vitality and longevity","description":"PQQ - The underestimated cell booster for energy, vitality and longevity","robots":{"index":"index","follow":"follow","max-snippet":"max-snippet:-1","max-image-preview":"max-image-preview:large","max-video-preview":"max-video-preview:-1"},"canonical":"https:\/\/tam-plenus.ch\/en\/blog-pqq\/","og_locale":"en_US","og_type":"article","og_title":"Blog - PQQ - The underestimated cell booster for energy, vitality and longevity","og_description":"PQQ - The underestimated cell booster for energy, vitality and longevity","og_url":"https:\/\/tam-plenus.ch\/en\/blog-pqq\/","og_site_name":"Tam-Plenus","article_modified_time":"2026-03-31T10:21:37+00:00","og_image":[{"width":624,"height":532,"url":"https:\/\/tam-plenus.ch\/wp-content\/uploads\/2026\/03\/PPQ.png","type":"image\/png"}],"twitter_card":"summary_large_image","twitter_misc":{"Est. reading time":"2 minutes"},"schema":{"@context":"https:\/\/schema.org","@graph":[{"@type":"WebPage","@id":"https:\/\/tam-plenus.ch\/en\/blog-pqq\/","url":"https:\/\/tam-plenus.ch\/en\/blog-pqq\/","name":"Blog - PQQ - The underestimated cell booster for energy, vitality and longevity","isPartOf":{"@id":"https:\/\/tam-plenus.ch\/en\/#website"},"primaryImageOfPage":{"@id":"https:\/\/tam-plenus.ch\/en\/blog-pqq\/#primaryimage"},"image":{"@id":"https:\/\/tam-plenus.ch\/en\/blog-pqq\/#primaryimage"},"thumbnailUrl":"https:\/\/tam-plenus.ch\/wp-content\/uploads\/2026\/03\/PPQ.png","datePublished":"2026-03-30T05:33:51+00:00","dateModified":"2026-03-31T10:21:37+00:00","description":"PQQ - The underestimated cell booster for energy, vitality and longevity","breadcrumb":{"@id":"https:\/\/tam-plenus.ch\/en\/blog-pqq\/#breadcrumb"},"inLanguage":"en-US","potentialAction":[{"@type":"ReadAction","target":["https:\/\/tam-plenus.ch\/en\/blog-pqq\/"]}]},{"@type":"ImageObject","inLanguage":"en-US","@id":"https:\/\/tam-plenus.ch\/en\/blog-pqq\/#primaryimage","url":"https:\/\/tam-plenus.ch\/wp-content\/uploads\/2026\/03\/PPQ.png","contentUrl":"https:\/\/tam-plenus.ch\/wp-content\/uploads\/2026\/03\/PPQ.png"},{"@type":"BreadcrumbList","@id":"https:\/\/tam-plenus.ch\/en\/blog-pqq\/#breadcrumb","itemListElement":[{"@type":"ListItem","position":1,"name":"Startseite","item":"https:\/\/tam-plenus.ch\/en\/"},{"@type":"ListItem","position":2,"name":"Blog &#8211; PQQ &#8211; The underestimated cell booster for energy, vitality and longevity"}]},{"@type":"WebSite","@id":"https:\/\/tam-plenus.ch\/en\/#website","url":"https:\/\/tam-plenus.ch\/en\/","name":"Tam-Plenus","description":"Swiss Agency for Health\u200b","publisher":{"@id":"https:\/\/tam-plenus.ch\/en\/#organization"},"potentialAction":[{"@type":"SearchAction","target":{"@type":"EntryPoint","urlTemplate":"https:\/\/tam-plenus.ch\/en\/?s={search_term_string}"},"query-input":{"@type":"PropertyValueSpecification","valueRequired":true,"valueName":"search_term_string"}}],"inLanguage":"en-US"},{"@type":"Organization","@id":"https:\/\/tam-plenus.ch\/en\/#organization","name":"Tam-Plenus","url":"https:\/\/tam-plenus.ch\/en\/","logo":{"@type":"ImageObject","inLanguage":"en-US","@id":"https:\/\/tam-plenus.ch\/en\/#\/schema\/logo\/image\/","url":"https:\/\/tam-plenus.ch\/wp-content\/uploads\/2024\/05\/logo_tamplenus.png","contentUrl":"https:\/\/tam-plenus.ch\/wp-content\/uploads\/2024\/05\/logo_tamplenus.png","width":463,"height":173,"caption":"Tam-Plenus"},"image":{"@id":"https:\/\/tam-plenus.ch\/en\/#\/schema\/logo\/image\/"}}]}},"jetpack_sharing_enabled":true,"_links":{"self":[{"href":"https:\/\/tam-plenus.ch\/en\/wp-json\/wp\/v2\/pages\/29656","targetHints":{"allow":["GET"]}}],"collection":[{"href":"https:\/\/tam-plenus.ch\/en\/wp-json\/wp\/v2\/pages"}],"about":[{"href":"https:\/\/tam-plenus.ch\/en\/wp-json\/wp\/v2\/types\/page"}],"author":[{"embeddable":true,"href":"https:\/\/tam-plenus.ch\/en\/wp-json\/wp\/v2\/users\/1"}],"replies":[{"embeddable":true,"href":"https:\/\/tam-plenus.ch\/en\/wp-json\/wp\/v2\/comments?post=29656"}],"version-history":[{"count":1,"href":"https:\/\/tam-plenus.ch\/en\/wp-json\/wp\/v2\/pages\/29656\/revisions"}],"predecessor-version":[{"id":29657,"href":"https:\/\/tam-plenus.ch\/en\/wp-json\/wp\/v2\/pages\/29656\/revisions\/29657"}],"wp:attachment":[{"href":"https:\/\/tam-plenus.ch\/en\/wp-json\/wp\/v2\/media?parent=29656"}],"curies":[{"name":"wp","href":"https:\/\/api.w.org\/{rel}","templated":true}]}}