{"id":27666,"date":"2026-02-12T19:10:28","date_gmt":"2026-02-12T18:10:28","guid":{"rendered":"https:\/\/tam-plenus.ch\/mikronaehrstoffe-wirken-langfristig-nicht-ueber-nacht\/"},"modified":"2026-02-12T19:37:27","modified_gmt":"2026-02-12T18:37:27","slug":"mikronaehrstoffe-wirken-langfristig-nicht-ueber-nacht","status":"publish","type":"page","link":"https:\/\/tam-plenus.ch\/en\/mikronaehrstoffe-wirken-langfristig-nicht-ueber-nacht\/","title":{"rendered":"Blog &#8211; Micronutrients Work Long Term \u2013 Not Overnight"},"content":{"rendered":"\t\t<div data-elementor-type=\"wp-page\" data-elementor-id=\"27666\" class=\"elementor elementor-27666 elementor-27648\" data-elementor-post-type=\"page\">\n\t\t\t\t<div class=\"elementor-element elementor-element-9de3deb e-flex e-con-boxed e-con e-parent\" data-id=\"9de3deb\" data-element_type=\"container\" data-e-type=\"container\">\n\t\t\t\t\t<div class=\"e-con-inner\">\n\t\t<div class=\"elementor-element elementor-element-b6c66b1 e-con-full e-flex e-con e-child\" data-id=\"b6c66b1\" data-element_type=\"container\" data-e-type=\"container\">\n\t\t\t\t<div class=\"elementor-element elementor-element-47dce16 elementor-widget elementor-widget-post-info\" data-id=\"47dce16\" data-element_type=\"widget\" data-e-type=\"widget\" data-widget_type=\"post-info.default\">\n\t\t\t\t<div class=\"elementor-widget-container\">\n\t\t\t\t\t\t\t<ul class=\"elementor-inline-items elementor-icon-list-items elementor-post-info\">\n\t\t\t\t\t\t\t\t<li class=\"elementor-icon-list-item elementor-repeater-item-c3fe21e elementor-inline-item\" itemprop=\"datePublished\">\n\t\t\t\t\t\t<a href=\"https:\/\/tam-plenus.ch\/en\/2026\/02\/12\/\">\n\t\t\t\t\t\t\t\t\t\t\t<span class=\"elementor-icon-list-icon\">\n\t\t\t\t\t\t\t\t<i aria-hidden=\"true\" class=\"fas fa-calendar\"><\/i>\t\t\t\t\t\t\t<\/span>\n\t\t\t\t\t\t\t\t\t<span class=\"elementor-icon-list-text elementor-post-info__item elementor-post-info__item--type-date\">\n\t\t\t\t\t\t\t\t\t\t<time>February 12, 2026<\/time>\t\t\t\t\t<\/span>\n\t\t\t\t\t\t\t\t\t<\/a>\n\t\t\t\t<\/li>\n\t\t\t\t<\/ul>\n\t\t\t\t\t\t<\/div>\n\t\t\t\t<\/div>\n\t\t\t\t<div class=\"elementor-element elementor-element-886fdb3 elementor-widget elementor-widget-spacer\" data-id=\"886fdb3\" data-element_type=\"widget\" data-e-type=\"widget\" data-widget_type=\"spacer.default\">\n\t\t\t\t<div class=\"elementor-widget-container\">\n\t\t\t\t\t\t\t<div class=\"elementor-spacer\">\n\t\t\t<div class=\"elementor-spacer-inner\"><\/div>\n\t\t<\/div>\n\t\t\t\t\t\t<\/div>\n\t\t\t\t<\/div>\n\t\t\t\t<div class=\"elementor-element elementor-element-37e4396 elementor-widget elementor-widget-heading\" data-id=\"37e4396\" data-element_type=\"widget\" data-e-type=\"widget\" data-widget_type=\"heading.default\">\n\t\t\t\t<div class=\"elementor-widget-container\">\n\t\t\t\t\t<h3 class=\"elementor-heading-title elementor-size-default\">Micronutrients Work Long Term \u2013\nNot Overnight<\/h3>\t\t\t\t<\/div>\n\t\t\t\t<\/div>\n\t\t\t\t<\/div>\n\t\t<div class=\"elementor-element elementor-element-0fc3b0f e-con-full e-flex e-con e-child\" data-id=\"0fc3b0f\" data-element_type=\"container\" data-e-type=\"container\">\n\t\t\t\t<div class=\"elementor-element elementor-element-3dad10b elementor-widget elementor-widget-image\" data-id=\"3dad10b\" data-element_type=\"widget\" data-e-type=\"widget\" data-widget_type=\"image.default\">\n\t\t\t\t<div class=\"elementor-widget-container\">\n\t\t\t\t\t\t\t\t\t\t\t\t\t\t\t<img fetchpriority=\"high\" decoding=\"async\" width=\"800\" height=\"533\" src=\"https:\/\/tam-plenus.ch\/wp-content\/uploads\/2026\/02\/Micronaehrstoffe-e1770921109860.jpg\" class=\"attachment-large size-large wp-image-27665\" alt=\"\" \/>\t\t\t\t\t\t\t\t\t\t\t\t\t\t\t<\/div>\n\t\t\t\t<\/div>\n\t\t\t\t<\/div>\n\t\t\t\t\t<\/div>\n\t\t\t\t<\/div>\n\t\t<div class=\"elementor-element elementor-element-f4e0333 e-flex e-con-boxed e-con e-parent\" data-id=\"f4e0333\" data-element_type=\"container\" data-e-type=\"container\">\n\t\t\t\t\t<div class=\"e-con-inner\">\n\t\t\t\t<div class=\"elementor-element elementor-element-a0b622e elementor-widget elementor-widget-text-editor\" data-id=\"a0b622e\" data-element_type=\"widget\" data-e-type=\"widget\" data-widget_type=\"text-editor.default\">\n\t\t\t\t<div class=\"elementor-widget-container\">\n\t\t\t\t\t\t\t\t\t<p><strong>The Body Thinks in Phases \u2013 Not in Sprints<\/strong><\/p><p>Many people expect nutrients to deliver quick results. But the human body doesn\u2019t work like a switch you can simply flip. It operates in biological phases \u2013 slowly, systematically, and sustainably. That is precisely why a year-long supply is not only practical, but also biologically meaningful.   <\/p><p>The Body Works Step by Step<\/p><p>When the body is supplied with nutrients on a regular basis, it goes through three consecutive phases. Each phase is essential \u2013 and none of them can be skipped. <\/p><div class=\"elementor-element elementor-element-a3ec643 elementor-widget elementor-widget-text-editor\" data-id=\"a3ec643\" data-element_type=\"widget\" data-widget_type=\"text-editor.default\"><div class=\"elementor-widget-container\"><p><strong>Phase 1: Replenishment (Weeks 1\u20138)<\/strong><\/p><p>Everything begins with replenishment. In everyday life, many tissue and cellular reserves become depleted \u2013 often without us noticing. Initially, the body uses the supplied nutrients to refill these stores, prioritising vital functions.  <\/p><p>A review published in The Lancet shows that measurable changes in tissue nutrient status only occur after 8\u201312 weeks of continuous intake. In short: during the first weeks, the body is working behind the scenes. Visible effects take time.  <\/p><\/div><\/div><div class=\"elementor-element elementor-element-a415663 elementor-widget elementor-widget-text-editor\" data-id=\"a415663\" data-element_type=\"widget\" data-widget_type=\"text-editor.default\"><div class=\"elementor-widget-container\"><p><strong>Phase 2: Stabilisation (Months 3\u20136)<\/strong><\/p><p>Once the stores are replenished, true adaptation begins. Enzymatic processes are optimised, metabolic pathways stabilise, and newly formed cells benefit for the first time from improved nutrient availability. <\/p><p>Our cells are constantly renewing themselves. Red blood cells, for example, have a lifespan of around 120 days \u2013 meaning a complete renewal cycle takes roughly four months. This is when it becomes clear why consistency is so crucial.  <\/p><\/div><\/div><div class=\"elementor-element elementor-element-06adff7 elementor-widget elementor-widget-text-editor\" data-id=\"06adff7\" data-element_type=\"widget\" data-widget_type=\"text-editor.default\"><div class=\"elementor-widget-container\"><p><strong>Phase 3: Maintenance (From Month 6)<\/strong><\/p><p>From the sixth month onwards, the body reaches a stable equilibrium. At this stage, the focus is no longer on building up, but on maintaining balance. Studies show that interruptions at this point can cause the entire process to start over again.  <\/p><p>Consistency beats intensity.<\/p><\/div><\/div><div class=\"elementor-element elementor-element-580cb31 elementor-widget elementor-widget-text-editor\" data-id=\"580cb31\" data-element_type=\"widget\" data-widget_type=\"text-editor.default\"><div class=\"elementor-widget-container\"><p><strong>Why Studies Last 6\u201312 Months<\/strong><\/p><p>Clinical studies on micronutrients are designed to be long-term for a reason. Shorter time frames do not reflect biological reality. The body can only absorb and utilise limited amounts at a time \u2013 which is why a moderate, consistent intake is more effective than high single doses.  <\/p><\/div><\/div><div class=\"elementor-element elementor-element-d39711d elementor-widget elementor-widget-text-editor\" data-id=\"d39711d\" data-element_type=\"widget\" data-widget_type=\"text-editor.default\"><div class=\"elementor-widget-container\"><p><strong>Conclusion: Sustainability Over Short-Term Thinking<\/strong><\/p><p>A year-long supply allows the body to move through all three phases without interruption: replenishment, stabilisation, and maintenance. This is not a marketing concept \u2013 it reflects how the human body actually works. <\/p><p>Those who think long term give their body the time it needs.<\/p><\/div><\/div>\t\t\t\t\t\t\t\t<\/div>\n\t\t\t\t<\/div>\n\t\t\t\t\t<\/div>\n\t\t\t\t<\/div>\n\t\t<div class=\"elementor-element elementor-element-5fcddf0c e-flex e-con-boxed e-con e-parent\" data-id=\"5fcddf0c\" data-element_type=\"container\" data-e-type=\"container\" data-settings=\"{&quot;background_background&quot;:&quot;classic&quot;}\">\n\t\t\t\t\t<div class=\"e-con-inner\">\n\t\t\t\t<div class=\"elementor-element elementor-element-36d48bb5 elementor-widget elementor-widget-heading\" data-id=\"36d48bb5\" data-element_type=\"widget\" data-e-type=\"widget\" data-widget_type=\"heading.default\">\n\t\t\t\t<div class=\"elementor-widget-container\">\n\t\t\t\t\t<h4 class=\"elementor-heading-title elementor-size-default\">Blog \/ News<\/h4>\t\t\t\t<\/div>\n\t\t\t\t<\/div>\n\t\t\t\t<div class=\"elementor-element elementor-element-6087bbb1 elementor-align-right elementor-widget elementor-widget-button\" data-id=\"6087bbb1\" data-element_type=\"widget\" data-e-type=\"widget\" data-widget_type=\"button.default\">\n\t\t\t\t<div class=\"elementor-widget-container\">\n\t\t\t\t\t\t\t\t\t<div class=\"elementor-button-wrapper\">\n\t\t\t\t\t<a class=\"elementor-button elementor-button-link elementor-size-sm\" href=\"https:\/\/tam-plenus.ch\/en\/blog-archiv\/\">\n\t\t\t\t\t\t<span class=\"elementor-button-content-wrapper\">\n\t\t\t\t\t\t\t\t\t<span class=\"elementor-button-text\">Blog Archive<\/span>\n\t\t\t\t\t<\/span>\n\t\t\t\t\t<\/a>\n\t\t\t\t<\/div>\n\t\t\t\t\t\t\t\t<\/div>\n\t\t\t\t<\/div>\n\t\t\t\t\t<\/div>\n\t\t\t\t<\/div>\n\t\t\t\t<\/div>\n\t\t","protected":false},"excerpt":{"rendered":"<p>Micronutrients Work Long Term \u2013 Not Overnight The Body Thinks in Phases \u2013 Not in Sprints Many people expect nutrients to deliver quick results. But the human body doesn\u2019t work like a switch you can simply flip. It operates in biological phases \u2013 slowly, systematically, and sustainably. That is precisely why a year-long supply is [&hellip;]<\/p>\n","protected":false},"author":1,"featured_media":0,"parent":0,"menu_order":0,"comment_status":"closed","ping_status":"closed","template":"","meta":{"site-sidebar-layout":"no-sidebar","site-content-layout":"page-builder","ast-site-content-layout":"full-width-container","site-content-style":"default","site-sidebar-style":"default","ast-global-header-display":"","ast-banner-title-visibility":"","ast-main-header-display":"","ast-hfb-above-header-display":"","ast-hfb-below-header-display":"","ast-hfb-mobile-header-display":"","site-post-title":"disabled","ast-breadcrumbs-content":"","ast-featured-img":"disabled","footer-sml-layout":"","ast-disable-related-posts":"","theme-transparent-header-meta":"","adv-header-id-meta":"","stick-header-meta":"","header-above-stick-meta":"","header-main-stick-meta":"","header-below-stick-meta":"","astra-migrate-meta-layouts":"default","ast-page-background-enabled":"default","ast-page-background-meta":{"desktop":{"background-color":"var(--ast-global-color-4)","background-image":"","background-repeat":"repeat","background-position":"center center","background-size":"auto","background-attachment":"scroll","background-type":"","background-media":"","overlay-type":"","overlay-color":"","overlay-opacity":"","overlay-gradient":""},"tablet":{"background-color":"","background-image":"","background-repeat":"repeat","background-position":"center center","background-size":"auto","background-attachment":"scroll","background-type":"","background-media":"","overlay-type":"","overlay-color":"","overlay-opacity":"","overlay-gradient":""},"mobile":{"background-color":"","background-image":"","background-repeat":"repeat","background-position":"center center","background-size":"auto","background-attachment":"scroll","background-type":"","background-media":"","overlay-type":"","overlay-color":"","overlay-opacity":"","overlay-gradient":""}},"ast-content-background-meta":{"desktop":{"background-color":"var(--ast-global-color-5)","background-image":"","background-repeat":"repeat","background-position":"center center","background-size":"auto","background-attachment":"scroll","background-type":"","background-media":"","overlay-type":"","overlay-color":"","overlay-opacity":"","overlay-gradient":""},"tablet":{"background-color":"var(--ast-global-color-5)","background-image":"","background-repeat":"repeat","background-position":"center center","background-size":"auto","background-attachment":"scroll","background-type":"","background-media":"","overlay-type":"","overlay-color":"","overlay-opacity":"","overlay-gradient":""},"mobile":{"background-color":"var(--ast-global-color-5)","background-image":"","background-repeat":"repeat","background-position":"center center","background-size":"auto","background-attachment":"scroll","background-type":"","background-media":"","overlay-type":"","overlay-color":"","overlay-opacity":"","overlay-gradient":""}},"footnotes":""},"class_list":["post-27666","page","type-page","status-publish","hentry"],"yoast_head":"<!-- This site is optimized with the Yoast SEO plugin v27.3 - https:\/\/yoast.com\/product\/yoast-seo-wordpress\/ -->\n<title>Blog - Micronutrients Work Long Term \u2013 Not Overnight - Tam-Plenus<\/title>\n<meta name=\"description\" content=\"Mikron\u00e4hrstoffe wirken langfristig \u2013 nicht \u00fcber Nacht. Viele Menschen erwarten von N\u00e4hrstoffen schnelle Effekte. Doch unser K\u00f6rper arbeitet in biologischen Phasen.\" \/>\n<meta name=\"robots\" content=\"index, follow, max-snippet:-1, max-image-preview:large, max-video-preview:-1\" \/>\n<link rel=\"canonical\" href=\"https:\/\/tam-plenus.ch\/en\/mikronaehrstoffe-wirken-langfristig-nicht-ueber-nacht\/\" \/>\n<meta property=\"og:locale\" content=\"en_US\" \/>\n<meta property=\"og:type\" content=\"article\" \/>\n<meta property=\"og:title\" content=\"Blog - Micronutrients Work Long Term \u2013 Not Overnight - Tam-Plenus\" \/>\n<meta property=\"og:description\" content=\"Mikron\u00e4hrstoffe wirken langfristig \u2013 nicht \u00fcber Nacht. Viele Menschen erwarten von N\u00e4hrstoffen schnelle Effekte. Doch unser K\u00f6rper arbeitet in biologischen Phasen.\" \/>\n<meta property=\"og:url\" content=\"https:\/\/tam-plenus.ch\/en\/mikronaehrstoffe-wirken-langfristig-nicht-ueber-nacht\/\" \/>\n<meta property=\"og:site_name\" content=\"Tam-Plenus\" \/>\n<meta property=\"article:modified_time\" content=\"2026-02-12T18:37:27+00:00\" \/>\n<meta property=\"og:image\" content=\"https:\/\/tam-plenus.ch\/wp-content\/uploads\/2026\/02\/Micronaehrstoffe-e1770921109860.jpg\" \/>\n\t<meta property=\"og:image:width\" content=\"771\" \/>\n\t<meta property=\"og:image:height\" content=\"515\" \/>\n\t<meta property=\"og:image:type\" content=\"image\/jpeg\" \/>\n<meta name=\"twitter:card\" content=\"summary_large_image\" \/>\n<meta name=\"twitter:label1\" content=\"Est. reading time\" \/>\n\t<meta name=\"twitter:data1\" content=\"2 minutes\" \/>\n<script type=\"application\/ld+json\" class=\"yoast-schema-graph\">{\"@context\":\"https:\\\/\\\/schema.org\",\"@graph\":[{\"@type\":\"WebPage\",\"@id\":\"https:\\\/\\\/tam-plenus.ch\\\/en\\\/mikronaehrstoffe-wirken-langfristig-nicht-ueber-nacht\\\/\",\"url\":\"https:\\\/\\\/tam-plenus.ch\\\/en\\\/mikronaehrstoffe-wirken-langfristig-nicht-ueber-nacht\\\/\",\"name\":\"Blog - Micronutrients Work Long Term \u2013 Not Overnight - Tam-Plenus\",\"isPartOf\":{\"@id\":\"https:\\\/\\\/tam-plenus.ch\\\/en\\\/#website\"},\"primaryImageOfPage\":{\"@id\":\"https:\\\/\\\/tam-plenus.ch\\\/en\\\/mikronaehrstoffe-wirken-langfristig-nicht-ueber-nacht\\\/#primaryimage\"},\"image\":{\"@id\":\"https:\\\/\\\/tam-plenus.ch\\\/en\\\/mikronaehrstoffe-wirken-langfristig-nicht-ueber-nacht\\\/#primaryimage\"},\"thumbnailUrl\":\"https:\\\/\\\/tam-plenus.ch\\\/wp-content\\\/uploads\\\/2026\\\/02\\\/Micronaehrstoffe-e1770921109860.jpg\",\"datePublished\":\"2026-02-12T18:10:28+00:00\",\"dateModified\":\"2026-02-12T18:37:27+00:00\",\"description\":\"Mikron\u00e4hrstoffe wirken langfristig \u2013 nicht \u00fcber Nacht. Viele Menschen erwarten von N\u00e4hrstoffen schnelle Effekte. Doch unser K\u00f6rper arbeitet in biologischen Phasen.\",\"breadcrumb\":{\"@id\":\"https:\\\/\\\/tam-plenus.ch\\\/en\\\/mikronaehrstoffe-wirken-langfristig-nicht-ueber-nacht\\\/#breadcrumb\"},\"inLanguage\":\"en-US\",\"potentialAction\":[{\"@type\":\"ReadAction\",\"target\":[\"https:\\\/\\\/tam-plenus.ch\\\/en\\\/mikronaehrstoffe-wirken-langfristig-nicht-ueber-nacht\\\/\"]}]},{\"@type\":\"ImageObject\",\"inLanguage\":\"en-US\",\"@id\":\"https:\\\/\\\/tam-plenus.ch\\\/en\\\/mikronaehrstoffe-wirken-langfristig-nicht-ueber-nacht\\\/#primaryimage\",\"url\":\"https:\\\/\\\/tam-plenus.ch\\\/wp-content\\\/uploads\\\/2026\\\/02\\\/Micronaehrstoffe-e1770921109860.jpg\",\"contentUrl\":\"https:\\\/\\\/tam-plenus.ch\\\/wp-content\\\/uploads\\\/2026\\\/02\\\/Micronaehrstoffe-e1770921109860.jpg\"},{\"@type\":\"BreadcrumbList\",\"@id\":\"https:\\\/\\\/tam-plenus.ch\\\/en\\\/mikronaehrstoffe-wirken-langfristig-nicht-ueber-nacht\\\/#breadcrumb\",\"itemListElement\":[{\"@type\":\"ListItem\",\"position\":1,\"name\":\"Startseite\",\"item\":\"https:\\\/\\\/tam-plenus.ch\\\/en\\\/high-collagen-kollagen-spermidin-celergen\\\/\"},{\"@type\":\"ListItem\",\"position\":2,\"name\":\"Blog &#8211; Micronutrients Work Long Term \u2013 Not Overnight\"}]},{\"@type\":\"WebSite\",\"@id\":\"https:\\\/\\\/tam-plenus.ch\\\/en\\\/#website\",\"url\":\"https:\\\/\\\/tam-plenus.ch\\\/en\\\/\",\"name\":\"Tam-Plenus\",\"description\":\"Swiss Agency for Health\u200b\",\"publisher\":{\"@id\":\"https:\\\/\\\/tam-plenus.ch\\\/en\\\/#organization\"},\"potentialAction\":[{\"@type\":\"SearchAction\",\"target\":{\"@type\":\"EntryPoint\",\"urlTemplate\":\"https:\\\/\\\/tam-plenus.ch\\\/en\\\/?s={search_term_string}\"},\"query-input\":{\"@type\":\"PropertyValueSpecification\",\"valueRequired\":true,\"valueName\":\"search_term_string\"}}],\"inLanguage\":\"en-US\"},{\"@type\":\"Organization\",\"@id\":\"https:\\\/\\\/tam-plenus.ch\\\/en\\\/#organization\",\"name\":\"Tam-Plenus\",\"url\":\"https:\\\/\\\/tam-plenus.ch\\\/en\\\/\",\"logo\":{\"@type\":\"ImageObject\",\"inLanguage\":\"en-US\",\"@id\":\"https:\\\/\\\/tam-plenus.ch\\\/en\\\/#\\\/schema\\\/logo\\\/image\\\/\",\"url\":\"https:\\\/\\\/tam-plenus.ch\\\/wp-content\\\/uploads\\\/2024\\\/05\\\/logo_tamplenus.png\",\"contentUrl\":\"https:\\\/\\\/tam-plenus.ch\\\/wp-content\\\/uploads\\\/2024\\\/05\\\/logo_tamplenus.png\",\"width\":463,\"height\":173,\"caption\":\"Tam-Plenus\"},\"image\":{\"@id\":\"https:\\\/\\\/tam-plenus.ch\\\/en\\\/#\\\/schema\\\/logo\\\/image\\\/\"}}]}<\/script>\n<!-- \/ Yoast SEO plugin. -->","yoast_head_json":{"title":"Blog - Micronutrients Work Long Term \u2013 Not Overnight - Tam-Plenus","description":"Mikron\u00e4hrstoffe wirken langfristig \u2013 nicht \u00fcber Nacht. Viele Menschen erwarten von N\u00e4hrstoffen schnelle Effekte. Doch unser K\u00f6rper arbeitet in biologischen Phasen.","robots":{"index":"index","follow":"follow","max-snippet":"max-snippet:-1","max-image-preview":"max-image-preview:large","max-video-preview":"max-video-preview:-1"},"canonical":"https:\/\/tam-plenus.ch\/en\/mikronaehrstoffe-wirken-langfristig-nicht-ueber-nacht\/","og_locale":"en_US","og_type":"article","og_title":"Blog - Micronutrients Work Long Term \u2013 Not Overnight - Tam-Plenus","og_description":"Mikron\u00e4hrstoffe wirken langfristig \u2013 nicht \u00fcber Nacht. Viele Menschen erwarten von N\u00e4hrstoffen schnelle Effekte. Doch unser K\u00f6rper arbeitet in biologischen Phasen.","og_url":"https:\/\/tam-plenus.ch\/en\/mikronaehrstoffe-wirken-langfristig-nicht-ueber-nacht\/","og_site_name":"Tam-Plenus","article_modified_time":"2026-02-12T18:37:27+00:00","og_image":[{"width":771,"height":515,"url":"https:\/\/tam-plenus.ch\/wp-content\/uploads\/2026\/02\/Micronaehrstoffe-e1770921109860.jpg","type":"image\/jpeg"}],"twitter_card":"summary_large_image","twitter_misc":{"Est. reading time":"2 minutes"},"schema":{"@context":"https:\/\/schema.org","@graph":[{"@type":"WebPage","@id":"https:\/\/tam-plenus.ch\/en\/mikronaehrstoffe-wirken-langfristig-nicht-ueber-nacht\/","url":"https:\/\/tam-plenus.ch\/en\/mikronaehrstoffe-wirken-langfristig-nicht-ueber-nacht\/","name":"Blog - Micronutrients Work Long Term \u2013 Not Overnight - Tam-Plenus","isPartOf":{"@id":"https:\/\/tam-plenus.ch\/en\/#website"},"primaryImageOfPage":{"@id":"https:\/\/tam-plenus.ch\/en\/mikronaehrstoffe-wirken-langfristig-nicht-ueber-nacht\/#primaryimage"},"image":{"@id":"https:\/\/tam-plenus.ch\/en\/mikronaehrstoffe-wirken-langfristig-nicht-ueber-nacht\/#primaryimage"},"thumbnailUrl":"https:\/\/tam-plenus.ch\/wp-content\/uploads\/2026\/02\/Micronaehrstoffe-e1770921109860.jpg","datePublished":"2026-02-12T18:10:28+00:00","dateModified":"2026-02-12T18:37:27+00:00","description":"Mikron\u00e4hrstoffe wirken langfristig \u2013 nicht \u00fcber Nacht. Viele Menschen erwarten von N\u00e4hrstoffen schnelle Effekte. Doch unser K\u00f6rper arbeitet in biologischen Phasen.","breadcrumb":{"@id":"https:\/\/tam-plenus.ch\/en\/mikronaehrstoffe-wirken-langfristig-nicht-ueber-nacht\/#breadcrumb"},"inLanguage":"en-US","potentialAction":[{"@type":"ReadAction","target":["https:\/\/tam-plenus.ch\/en\/mikronaehrstoffe-wirken-langfristig-nicht-ueber-nacht\/"]}]},{"@type":"ImageObject","inLanguage":"en-US","@id":"https:\/\/tam-plenus.ch\/en\/mikronaehrstoffe-wirken-langfristig-nicht-ueber-nacht\/#primaryimage","url":"https:\/\/tam-plenus.ch\/wp-content\/uploads\/2026\/02\/Micronaehrstoffe-e1770921109860.jpg","contentUrl":"https:\/\/tam-plenus.ch\/wp-content\/uploads\/2026\/02\/Micronaehrstoffe-e1770921109860.jpg"},{"@type":"BreadcrumbList","@id":"https:\/\/tam-plenus.ch\/en\/mikronaehrstoffe-wirken-langfristig-nicht-ueber-nacht\/#breadcrumb","itemListElement":[{"@type":"ListItem","position":1,"name":"Startseite","item":"https:\/\/tam-plenus.ch\/en\/high-collagen-kollagen-spermidin-celergen\/"},{"@type":"ListItem","position":2,"name":"Blog &#8211; Micronutrients Work Long Term \u2013 Not Overnight"}]},{"@type":"WebSite","@id":"https:\/\/tam-plenus.ch\/en\/#website","url":"https:\/\/tam-plenus.ch\/en\/","name":"Tam-Plenus","description":"Swiss Agency for Health\u200b","publisher":{"@id":"https:\/\/tam-plenus.ch\/en\/#organization"},"potentialAction":[{"@type":"SearchAction","target":{"@type":"EntryPoint","urlTemplate":"https:\/\/tam-plenus.ch\/en\/?s={search_term_string}"},"query-input":{"@type":"PropertyValueSpecification","valueRequired":true,"valueName":"search_term_string"}}],"inLanguage":"en-US"},{"@type":"Organization","@id":"https:\/\/tam-plenus.ch\/en\/#organization","name":"Tam-Plenus","url":"https:\/\/tam-plenus.ch\/en\/","logo":{"@type":"ImageObject","inLanguage":"en-US","@id":"https:\/\/tam-plenus.ch\/en\/#\/schema\/logo\/image\/","url":"https:\/\/tam-plenus.ch\/wp-content\/uploads\/2024\/05\/logo_tamplenus.png","contentUrl":"https:\/\/tam-plenus.ch\/wp-content\/uploads\/2024\/05\/logo_tamplenus.png","width":463,"height":173,"caption":"Tam-Plenus"},"image":{"@id":"https:\/\/tam-plenus.ch\/en\/#\/schema\/logo\/image\/"}}]}},"jetpack_sharing_enabled":true,"_links":{"self":[{"href":"https:\/\/tam-plenus.ch\/en\/wp-json\/wp\/v2\/pages\/27666","targetHints":{"allow":["GET"]}}],"collection":[{"href":"https:\/\/tam-plenus.ch\/en\/wp-json\/wp\/v2\/pages"}],"about":[{"href":"https:\/\/tam-plenus.ch\/en\/wp-json\/wp\/v2\/types\/page"}],"author":[{"embeddable":true,"href":"https:\/\/tam-plenus.ch\/en\/wp-json\/wp\/v2\/users\/1"}],"replies":[{"embeddable":true,"href":"https:\/\/tam-plenus.ch\/en\/wp-json\/wp\/v2\/comments?post=27666"}],"version-history":[{"count":3,"href":"https:\/\/tam-plenus.ch\/en\/wp-json\/wp\/v2\/pages\/27666\/revisions"}],"predecessor-version":[{"id":27676,"href":"https:\/\/tam-plenus.ch\/en\/wp-json\/wp\/v2\/pages\/27666\/revisions\/27676"}],"wp:attachment":[{"href":"https:\/\/tam-plenus.ch\/en\/wp-json\/wp\/v2\/media?parent=27666"}],"curies":[{"name":"wp","href":"https:\/\/api.w.org\/{rel}","templated":true}]}}